{"id":559,"date":"2017-04-10T13:38:53","date_gmt":"2017-04-10T13:38:53","guid":{"rendered":"http:\/\/www.anaebelo.com\/?page_id=559"},"modified":"2017-04-26T08:45:16","modified_gmt":"2017-04-26T08:45:16","slug":"clients","status":"publish","type":"page","link":"https:\/\/www.anaebelo.com\/fr\/clients\/","title":{"rendered":"Clients"},"content":{"rendered":"<div style=\"margin: 20px 20px 0 20px;\">Ana &amp; Belo a une vaste gamme de clients, propri\u00e9taires de grandes marques de r\u00e9f\u00e9rence mondiale que font de la qualit\u00e9 de notre travail, la qualit\u00e9 de leurs produits.\r\nPlusieurs de ces clients ont suivi l\u2019\u00e9volution de notre entreprise ayant \u00e9tabli une relation de travail tr\u00e8s solide avec nous.\r\n<div class=\"ezcol ezcol-one-third\"><a href=\"http:\/\/www.rembo-styling.com\" target=\"_blank\" rel=\"noopener noreferrer\"><img decoding=\"async\" loading=\"lazy\" width=\"287\" height=\"187\" class=\"alignnone size-full wp-image-173\" src=\"https:\/\/www.anaebelo.com\/wp-content\/uploads\/2014\/07\/Rembo_B.jpg\" alt=\"Rembo_B\" data-hover=\"https:\/\/www.anaebelo.com\/wp-content\/uploads\/2014\/07\/rembo_P.jpg\" data-out=\"https:\/\/www.anaebelo.com\/wp-content\/uploads\/2014\/07\/Rembo_B.jpg\" \/><\/a><\/div>\r\n<div class=\"ezcol ezcol-one-third\"><a href=\"http:\/\/www.moncholobo.com\/\" target=\"_blank\" rel=\"noopener noreferrer\" class=\"broken_link\"><img decoding=\"async\" loading=\"lazy\" width=\"287\" height=\"187\" class=\"alignnone size-full wp-image-174\" src=\"https:\/\/www.anaebelo.com\/wp-content\/uploads\/2014\/07\/veronica_B.jpg\" alt=\"veronica_B\" data-out=\"https:\/\/www.anaebelo.com\/wp-content\/uploads\/2014\/07\/veronica_B.jpg\" data-hover=\"https:\/\/www.anaebelo.com\/wp-content\/uploads\/2014\/07\/veronica_P.jpg\" \/><\/a><\/div>\r\n<div class=\"ezcol ezcol-one-third ezcol-last\"><a href=\"http:\/\/www.globe-line.com\/\" target=\"_blank\" rel=\"noopener noreferrer\" class=\"broken_link\"><img decoding=\"async\" loading=\"lazy\" width=\"287\" height=\"187\" class=\"alignnone size-full wp-image-176\" src=\"https:\/\/www.anaebelo.com\/wp-content\/uploads\/2014\/07\/globe_B.jpg\" alt=\"globe_B\" data-out=\"https:\/\/www.anaebelo.com\/wp-content\/uploads\/2014\/07\/globe_B.jpg\" data-hover=\"https:\/\/www.anaebelo.com\/wp-content\/uploads\/2014\/07\/globe_P1.jpg\" \/><\/a><\/div><div class=\"ezcol-divider\"><\/div>\r\n<div class=\"ezcol ezcol-one-third\"><a href=\"http:\/\/www.victoriabeckham.com\/\" target=\"_blank\" rel=\"noopener noreferrer\"><img decoding=\"async\" loading=\"lazy\" width=\"287\" height=\"187\" class=\"alignnone size-full wp-image-175\" src=\"https:\/\/www.anaebelo.com\/wp-content\/uploads\/2014\/07\/victoria_B.jpg\" alt=\"victoria_B\" data-out=\"https:\/\/www.anaebelo.com\/wp-content\/uploads\/2014\/07\/victoria_B.jpg\" data-hover=\"https:\/\/www.anaebelo.com\/wp-content\/uploads\/2014\/07\/victoria_P.jpg\" \/><\/a><\/div>\r\n<div class=\"ezcol ezcol-one-third\"><a href=\"http:\/\/www.lanidor.com\/\" target=\"_blank\" rel=\"noopener noreferrer\" class=\"broken_link\"><img decoding=\"async\" loading=\"lazy\" width=\"287\" height=\"187\" class=\"alignnone size-full wp-image-178\" src=\"https:\/\/www.anaebelo.com\/wp-content\/uploads\/2014\/07\/lanidor_B.jpg\" alt=\"lanidor_B\" data-out=\"https:\/\/www.anaebelo.com\/wp-content\/uploads\/2014\/07\/lanidor_B.jpg\" data-hover=\"https:\/\/www.anaebelo.com\/wp-content\/uploads\/2014\/07\/lanidor_P.jpg\" \/><\/a><\/div>\r\n<div class=\"ezcol ezcol-one-third ezcol-last\"><a href=\"http:\/\/www.hessnatur.com\"><img decoding=\"async\" loading=\"lazy\" width=\"287\" height=\"187\" class=\"alignnone size-full wp-image-177\" src=\"https:\/\/www.anaebelo.com\/wp-content\/uploads\/2014\/07\/hessnatur_B.jpg\" alt=\"hessnatur_B\" data-out=\"https:\/\/www.anaebelo.com\/wp-content\/uploads\/2014\/07\/hessnatur_B.jpg\" data-hover=\"https:\/\/www.anaebelo.com\/wp-content\/uploads\/2014\/07\/hessnatur_P.jpg\" \/><\/a><\/div><div class=\"ezcol-divider\"><\/div>\r\n\r\n<\/div>","protected":false},"excerpt":{"rendered":"<p>Ana &amp; Belo a une vaste gamme de clients, propri\u00e9taires de grandes marques de r\u00e9f\u00e9rence mondiale que font de la qualit\u00e9 de notre travail, la qualit\u00e9 de leurs produits. Plusieurs de ces clients ont suivi l\u2019\u00e9volution de notre entreprise ayant \u00e9tabli une relation de travail tr\u00e8s solide avec nous.<\/p>\n","protected":false},"author":2,"featured_media":0,"parent":0,"menu_order":0,"comment_status":"closed","ping_status":"open","template":"fullwidth.php","meta":[],"yoast_head":"<!-- This site is optimized with the Yoast SEO plugin v20.10 - https:\/\/yoast.com\/wordpress\/plugins\/seo\/ -->\n<title>Clients - Ana&amp;Belo<\/title>\n<meta name=\"description\" content=\"Ana e Belo a une vaste gamme de clients, que traduisent la qualit\u00e9 de notre travail \u00e0 la qualit\u00e9 de leurs produits.\" \/>\n<meta name=\"robots\" content=\"index, follow, max-snippet:-1, max-image-preview:large, max-video-preview:-1\" \/>\n<link rel=\"canonical\" href=\"https:\/\/www.anaebelo.com\/fr\/clients\/\" \/>\n<meta property=\"og:locale\" content=\"fr_FR\" \/>\n<meta property=\"og:type\" content=\"article\" \/>\n<meta property=\"og:title\" content=\"Clients - Ana&amp;Belo\" \/>\n<meta property=\"og:description\" content=\"Ana e Belo a une vaste gamme de clients, que traduisent la qualit\u00e9 de notre travail \u00e0 la qualit\u00e9 de leurs produits.\" \/>\n<meta property=\"og:url\" content=\"https:\/\/www.anaebelo.com\/fr\/clients\/\" \/>\n<meta property=\"og:site_name\" content=\"Ana&amp;Belo\" \/>\n<meta property=\"article:publisher\" content=\"https:\/\/www.facebook.com\/anaebelo\" \/>\n<meta property=\"article:modified_time\" content=\"2017-04-26T08:45:16+00:00\" \/>\n<meta property=\"og:image\" content=\"http:\/\/www.anaebelo.com\/wp-content\/uploads\/2014\/07\/Rembo_B.jpg\" \/>\n<script type=\"application\/ld+json\" class=\"yoast-schema-graph\">{\"@context\":\"https:\/\/schema.org\",\"@graph\":[{\"@type\":\"WebPage\",\"@id\":\"https:\/\/www.anaebelo.com\/fr\/clients\/\",\"url\":\"https:\/\/www.anaebelo.com\/fr\/clients\/\",\"name\":\"Clients - Ana&amp;Belo\",\"isPartOf\":{\"@id\":\"https:\/\/www.anaebelo.com\/#website\"},\"datePublished\":\"2017-04-10T13:38:53+00:00\",\"dateModified\":\"2017-04-26T08:45:16+00:00\",\"description\":\"Ana e Belo a une vaste gamme de clients, que traduisent la qualit\u00e9 de notre travail \u00e0 la qualit\u00e9 de leurs produits.\",\"breadcrumb\":{\"@id\":\"https:\/\/www.anaebelo.com\/fr\/clients\/#breadcrumb\"},\"inLanguage\":\"fr-FR\",\"potentialAction\":[{\"@type\":\"ReadAction\",\"target\":[\"https:\/\/www.anaebelo.com\/fr\/clients\/\"]}]},{\"@type\":\"BreadcrumbList\",\"@id\":\"https:\/\/www.anaebelo.com\/fr\/clients\/#breadcrumb\",\"itemListElement\":[{\"@type\":\"ListItem\",\"position\":1,\"name\":\"In\u00edcio\",\"item\":\"https:\/\/www.anaebelo.com\/\"},{\"@type\":\"ListItem\",\"position\":2,\"name\":\"Clients\"}]},{\"@type\":\"WebSite\",\"@id\":\"https:\/\/www.anaebelo.com\/#website\",\"url\":\"https:\/\/www.anaebelo.com\/\",\"name\":\"Ana&amp;Belo\",\"description\":\"Haute Couture Manufacturing\",\"potentialAction\":[{\"@type\":\"SearchAction\",\"target\":{\"@type\":\"EntryPoint\",\"urlTemplate\":\"https:\/\/www.anaebelo.com\/?s={search_term_string}\"},\"query-input\":\"required name=search_term_string\"}],\"inLanguage\":\"fr-FR\"}]}<\/script>\n<!-- \/ Yoast SEO plugin. -->","yoast_head_json":{"title":"Clients - Ana&amp;Belo","description":"Ana e Belo a une vaste gamme de clients, que traduisent la qualit\u00e9 de notre travail \u00e0 la qualit\u00e9 de leurs produits.","robots":{"index":"index","follow":"follow","max-snippet":"max-snippet:-1","max-image-preview":"max-image-preview:large","max-video-preview":"max-video-preview:-1"},"canonical":"https:\/\/www.anaebelo.com\/fr\/clients\/","og_locale":"fr_FR","og_type":"article","og_title":"Clients - Ana&amp;Belo","og_description":"Ana e Belo a une vaste gamme de clients, que traduisent la qualit\u00e9 de notre travail \u00e0 la qualit\u00e9 de leurs produits.","og_url":"https:\/\/www.anaebelo.com\/fr\/clients\/","og_site_name":"Ana&amp;Belo","article_publisher":"https:\/\/www.facebook.com\/anaebelo","article_modified_time":"2017-04-26T08:45:16+00:00","og_image":[{"url":"http:\/\/www.anaebelo.com\/wp-content\/uploads\/2014\/07\/Rembo_B.jpg"}],"schema":{"@context":"https:\/\/schema.org","@graph":[{"@type":"WebPage","@id":"https:\/\/www.anaebelo.com\/fr\/clients\/","url":"https:\/\/www.anaebelo.com\/fr\/clients\/","name":"Clients - Ana&amp;Belo","isPartOf":{"@id":"https:\/\/www.anaebelo.com\/#website"},"datePublished":"2017-04-10T13:38:53+00:00","dateModified":"2017-04-26T08:45:16+00:00","description":"Ana e Belo a une vaste gamme de clients, que traduisent la qualit\u00e9 de notre travail \u00e0 la qualit\u00e9 de leurs produits.","breadcrumb":{"@id":"https:\/\/www.anaebelo.com\/fr\/clients\/#breadcrumb"},"inLanguage":"fr-FR","potentialAction":[{"@type":"ReadAction","target":["https:\/\/www.anaebelo.com\/fr\/clients\/"]}]},{"@type":"BreadcrumbList","@id":"https:\/\/www.anaebelo.com\/fr\/clients\/#breadcrumb","itemListElement":[{"@type":"ListItem","position":1,"name":"In\u00edcio","item":"https:\/\/www.anaebelo.com\/"},{"@type":"ListItem","position":2,"name":"Clients"}]},{"@type":"WebSite","@id":"https:\/\/www.anaebelo.com\/#website","url":"https:\/\/www.anaebelo.com\/","name":"Ana&amp;Belo","description":"Haute Couture Manufacturing","potentialAction":[{"@type":"SearchAction","target":{"@type":"EntryPoint","urlTemplate":"https:\/\/www.anaebelo.com\/?s={search_term_string}"},"query-input":"required name=search_term_string"}],"inLanguage":"fr-FR"}]}},"_links":{"self":[{"href":"https:\/\/www.anaebelo.com\/fr\/wp-json\/wp\/v2\/pages\/559"}],"collection":[{"href":"https:\/\/www.anaebelo.com\/fr\/wp-json\/wp\/v2\/pages"}],"about":[{"href":"https:\/\/www.anaebelo.com\/fr\/wp-json\/wp\/v2\/types\/page"}],"author":[{"embeddable":true,"href":"https:\/\/www.anaebelo.com\/fr\/wp-json\/wp\/v2\/users\/2"}],"replies":[{"embeddable":true,"href":"https:\/\/www.anaebelo.com\/fr\/wp-json\/wp\/v2\/comments?post=559"}],"version-history":[{"count":3,"href":"https:\/\/www.anaebelo.com\/fr\/wp-json\/wp\/v2\/pages\/559\/revisions"}],"predecessor-version":[{"id":600,"href":"https:\/\/www.anaebelo.com\/fr\/wp-json\/wp\/v2\/pages\/559\/revisions\/600"}],"wp:attachment":[{"href":"https:\/\/www.anaebelo.com\/fr\/wp-json\/wp\/v2\/media?parent=559"}],"curies":[{"name":"wp","href":"https:\/\/api.w.org\/{rel}","templated":true}]}}