{"id":556,"date":"2017-04-10T13:34:14","date_gmt":"2017-04-10T13:34:14","guid":{"rendered":"http:\/\/www.anaebelo.com\/?page_id=556"},"modified":"2019-05-16T15:32:01","modified_gmt":"2019-05-16T15:32:01","slug":"cookies","status":"publish","type":"page","link":"https:\/\/www.anaebelo.com\/fr\/cookies\/","title":{"rendered":"Cookies"},"content":{"rendered":"<p style=\"text-align: justify;\"><strong><big>Qu&rsquo;est-ce qu&rsquo;un cookie?<\/big><\/strong><\/p>\r\n<p style=\"text-align: justify;\">Les cookies sont de petits fichiers de donn\u00e9es (en g\u00e9n\u00e9ral des nombres et des lettres) qu&rsquo;un site web place dans votre ordinateur ou appareil mobile lors de votre premi\u00e8re visite. Le cookie aidera ce site web, ou un autre site, \u00e0 reconna\u00eetre votre appareil lors de votre prochaine visite. Les pixels espions (\u00ab web beacons \u00bb) ou autres fichiers similaires peuvent \u00e9galement faire la m\u00eame chose. Dans cette politique, nous employons le terme \u00ab cookies \u00bb pour faire r\u00e9f\u00e9rence \u00e0 tous les fichiers qui r\u00e9cup\u00e8rent ainsi les informations.<\/p>\r\n<p style=\"text-align: justify;\">Les cookies ont de nombreuses fonctionnalit\u00e9s, ils permettent par exemple de naviguer plus efficacement, de stocker vos pr\u00e9f\u00e9rences et d&rsquo;am\u00e9liorer votre exp\u00e9rience g\u00e9n\u00e9rale d&rsquo;un site web. Gr\u00e2ce aux cookies, l&rsquo;interaction entre le site web et vous est plus rapide et plus facile. Si un site web n&rsquo;utilise pas de cookies, il pensera que vous \u00eates un nouveau visiteur \u00e0 chaque fois que vous irez sur une nouvelle page du site &#8212; par exemple, lorsque vous entrerez votre identifiant et mot de passe et que vous irez sur une autre page, il ne vous reconna\u00eetra pas et vous ne pourrez pas rester connect\u00e9.<\/p>\r\n<p style=\"text-align: justify;\">Certains cookies contiennent des informations personnelles &#8212; par exemple, si vous cliquez sur \u00ab se souvenir de moi \u00bb en vous connectant, un cookie stockera votre nom d&rsquo;utilisateur. La plupart des cookies ne r\u00e9cup\u00e9reront pas des informations permettant de vous identifier, mais r\u00e9cup\u00e9reront plut\u00f4t des informations plus g\u00e9n\u00e9rales : comment un utilisateur arrive sur un site web, quelle utilisation il en fait, ou encore le lieu de r\u00e9sidence d&rsquo;un utilisateur.<\/p>\r\n<p style=\"text-align: justify;\"><strong><big>Comment utilisons-nous les cookies?<\/big><\/strong><\/p>\r\n<p style=\"text-align: justify;\">Les cookies nous permettent d&rsquo;identifier votre appareil, ou vous-m\u00eame, lorsque vous vous \u00eates connect\u00e9. Nous utilisons des cookies qui sont strictement n\u00e9cessaires pour vous permettre de parcourir le site ou pour vous fournir certaines fonctionnalit\u00e9s de base. Nous utilisons des cookies pour am\u00e9liorer la fonctionnalit\u00e9 du site web en stockant vos pr\u00e9f\u00e9rences, par exemple. Nous utilisons \u00e9galement des cookies pour am\u00e9liorer la performance de notre site web afin de vous offrir une meilleure exp\u00e9rience d&rsquo;utilisateur.<\/p>\r\n<p style=\"text-align: justify;\">Pour \u00e9viter toute ambigu\u00eft\u00e9, nous n&rsquo;utilisons pas les cookies pour r\u00e9cup\u00e9rer des informations personnelles vous concernant.<\/p>\r\n<p style=\"text-align: justify;\">Pour toute information suppl\u00e9mentaire concernant les cookies que nous utilisons sur notre site web, veuillez vous rendre sur <a href=\"https:\/\/www.aboutcookies.com\/\" target=\"_blank\" rel=\"noopener noreferrer\">https:\/\/www.aboutcookies.com\/<\/a><\/p>\r\n<p style=\"text-align: justify;\"><strong><big>Comment contr\u00f4ler les cookies?<\/big><\/strong><\/p>\r\n<p style=\"text-align: justify;\">Si vous ne souhaitez pas recevoir de cookies, vous pouvez modifier votre navigateur afin qu&rsquo;il vous pr\u00e9vienne lorsqu&rsquo;il re\u00e7oit des cookies ou vous pouvez refuser tous les cookies. Vous pouvez aussi supprimer les cookies qui ont d\u00e9j\u00e0 \u00e9t\u00e9 install\u00e9s.<\/p>\r\n<p style=\"text-align: justify;\">Si vous souhaitez limiter ou bloquer l&rsquo;installation de cookies sur votre appareil, vous pouvez le faire gr\u00e2ce aux param\u00e8tres de votre navigateur : la fonctionnalit\u00e9 Aide dans votre navigateur vous expliquera comment proc\u00e9der. Vous pouvez sinon vous rendre sur le site www.aboutcookies.org, qui comporte des informations compl\u00e8tes expliquant comment proc\u00e9der, et ce pour de nombreux navigateurs. pour une grande vari\u00e9t\u00e9 de navigateurs. Pour toute information concernant la proc\u00e9dure \u00e0 effectuer sur le navigateur de votre t\u00e9l\u00e9phone mobile, vous devrez vous r\u00e9f\u00e9rer au guide d&rsquo;utilisation de votre t\u00e9l\u00e9phone.<\/p>\r\n<p style=\"text-align: justify;\">G\u00e9rer les cookies et en savoir plus Vous pouvez g\u00e9rer ces petits fichiers et en savoir plus gr\u00e2ce \u00e0 l&rsquo;article de Directgov : \u00ab Internet Browser cookies \u2013 what they are and how to manage them \u00bb (Cookies de navigateur web : qu&rsquo;est-ce que c&rsquo;est et comment les g\u00e9rer).<\/p>\r\n<p style=\"text-align: justify;\">Veuillez noter qu&rsquo;en supprimant nos cookies ou en bloquant les futurs cookies, vous ne pourrez peut-\u00eatre pas acc\u00e9der \u00e0 toutes les zones ou fonctionnalit\u00e9s de notre site.<\/p>\r\n<p style=\"text-align: justify;\"><strong><big>Quels sont les cookies utilis\u00e9s par ce site?<\/big><\/strong><\/p>\r\n<p style=\"text-align: justify;\"><strong><span style=\"text-decoration: underline;\">Cookies de session<\/span> &#8211; <\/strong>Les cookies de session permettent \u00e0 notre site web de suivre votre navigation page par page pour \u00e9viter que l&rsquo;on ne vous redemande les informations que vous avez d\u00e9j\u00e0 donn\u00e9es sur le site. Ils sont automatiquement supprim\u00e9s lorsque vous quittez votre navigateur web.<\/p>\r\n<p style=\"text-align: justify;\"><strong><span style=\"text-decoration: underline;\">Cookies de session et cookies permanents (\u00e9galement appel\u00e9s cookies persistants)<\/span> &#8211; <\/strong>Ils permettent \u00e0 notre site web de se souvenir de vos pr\u00e9f\u00e9rences et param\u00e8tres lors de votre prochaine visite. Ils acc\u00e9l\u00e8rent et am\u00e9liorent donc votre exp\u00e9rience des services ou fonctionnalit\u00e9s propos\u00e9s. Pour que ces cookies fonctionnent, ils sont stock\u00e9s sur votre appareil et ne sont pas supprim\u00e9s lorsque vous quittez le navigateur.<\/p>\r\n<p style=\"text-align: justify;\"><strong><span style=\"text-decoration: underline;\">Cookies tiers<\/span> &#8211;<\/strong> Ces cookies sont plac\u00e9s par le serveur d&rsquo;un autre domaine et sont utilis\u00e9s pour nous permettent de suivre le comportement et la visite d&rsquo;un visiteur afin que nous puissions mesurer la performance de notre site web.<\/p>\r\n<p style=\"text-align: justify;\"><strong><span style=\"text-decoration: underline;\">Cookies Flash<\/span> &#8211;<\/strong> Adobe Flash Player, utilis\u00e9 pour fournir des contenus vid\u00e9o ou de jeux sur Internet, peut \u00e9galement stocker des informations sur votre appareil. Cependant, ces cookies ne peuvent pas \u00eatre contr\u00f4l\u00e9s par votre navigateur. Si vous souhaitez limiter ou bloquer les cookies Flash, vous devez le faire sur le site <a href=\"http:\/\/www.adobe.com\/\" target=\"_blank\" rel=\"noopener noreferrer\" class=\"broken_link\">web d&rsquo;Adobe<\/a>. Une utilisation restreinte des cookies Flash peut affecter les fonctionnalit\u00e9s disponibles.<\/p>","protected":false},"excerpt":{"rendered":"<p>Qu&rsquo;est-ce qu&rsquo;un cookie? Les cookies sont de petits fichiers de donn\u00e9es (en g\u00e9n\u00e9ral des nombres et des lettres) qu&rsquo;un site web place dans votre ordinateur ou appareil mobile lors de votre premi\u00e8re visite. Le cookie aidera ce site web, ou un autre site, \u00e0 reconna\u00eetre votre appareil lors de votre prochaine visite. Les pixels espions [&hellip;]<\/p>\n","protected":false},"author":2,"featured_media":0,"parent":0,"menu_order":0,"comment_status":"closed","ping_status":"open","template":"fullwidth.php","meta":[],"yoast_head":"<!-- This site is optimized with the Yoast SEO plugin v20.10 - https:\/\/yoast.com\/wordpress\/plugins\/seo\/ -->\n<title>Cookies - Ana&amp;Belo<\/title>\n<meta name=\"robots\" content=\"index, follow, max-snippet:-1, max-image-preview:large, max-video-preview:-1\" \/>\n<link rel=\"canonical\" href=\"https:\/\/www.anaebelo.com\/fr\/cookies\/\" \/>\n<meta property=\"og:locale\" content=\"fr_FR\" \/>\n<meta property=\"og:type\" content=\"article\" \/>\n<meta property=\"og:title\" content=\"Cookies - Ana&amp;Belo\" \/>\n<meta property=\"og:description\" content=\"Qu&rsquo;est-ce qu&rsquo;un cookie? Les cookies sont de petits fichiers de donn\u00e9es (en g\u00e9n\u00e9ral des nombres et des lettres) qu&rsquo;un site web place dans votre ordinateur ou appareil mobile lors de votre premi\u00e8re visite. Le cookie aidera ce site web, ou un autre site, \u00e0 reconna\u00eetre votre appareil lors de votre prochaine visite. Les pixels espions [&hellip;]\" \/>\n<meta property=\"og:url\" content=\"https:\/\/www.anaebelo.com\/fr\/cookies\/\" \/>\n<meta property=\"og:site_name\" content=\"Ana&amp;Belo\" \/>\n<meta property=\"article:publisher\" content=\"https:\/\/www.facebook.com\/anaebelo\" \/>\n<meta property=\"article:modified_time\" content=\"2019-05-16T15:32:01+00:00\" \/>\n<meta name=\"twitter:label1\" content=\"Dur\u00e9e de lecture estim\u00e9e\" \/>\n\t<meta name=\"twitter:data1\" content=\"4 minutes\" \/>\n<script type=\"application\/ld+json\" class=\"yoast-schema-graph\">{\"@context\":\"https:\/\/schema.org\",\"@graph\":[{\"@type\":\"WebPage\",\"@id\":\"https:\/\/www.anaebelo.com\/fr\/cookies\/\",\"url\":\"https:\/\/www.anaebelo.com\/fr\/cookies\/\",\"name\":\"Cookies - Ana&amp;Belo\",\"isPartOf\":{\"@id\":\"https:\/\/www.anaebelo.com\/#website\"},\"datePublished\":\"2017-04-10T13:34:14+00:00\",\"dateModified\":\"2019-05-16T15:32:01+00:00\",\"breadcrumb\":{\"@id\":\"https:\/\/www.anaebelo.com\/fr\/cookies\/#breadcrumb\"},\"inLanguage\":\"fr-FR\",\"potentialAction\":[{\"@type\":\"ReadAction\",\"target\":[\"https:\/\/www.anaebelo.com\/fr\/cookies\/\"]}]},{\"@type\":\"BreadcrumbList\",\"@id\":\"https:\/\/www.anaebelo.com\/fr\/cookies\/#breadcrumb\",\"itemListElement\":[{\"@type\":\"ListItem\",\"position\":1,\"name\":\"In\u00edcio\",\"item\":\"https:\/\/www.anaebelo.com\/\"},{\"@type\":\"ListItem\",\"position\":2,\"name\":\"Cookies\"}]},{\"@type\":\"WebSite\",\"@id\":\"https:\/\/www.anaebelo.com\/#website\",\"url\":\"https:\/\/www.anaebelo.com\/\",\"name\":\"Ana&amp;Belo\",\"description\":\"Haute Couture Manufacturing\",\"potentialAction\":[{\"@type\":\"SearchAction\",\"target\":{\"@type\":\"EntryPoint\",\"urlTemplate\":\"https:\/\/www.anaebelo.com\/?s={search_term_string}\"},\"query-input\":\"required name=search_term_string\"}],\"inLanguage\":\"fr-FR\"}]}<\/script>\n<!-- \/ Yoast SEO plugin. -->","yoast_head_json":{"title":"Cookies - Ana&amp;Belo","robots":{"index":"index","follow":"follow","max-snippet":"max-snippet:-1","max-image-preview":"max-image-preview:large","max-video-preview":"max-video-preview:-1"},"canonical":"https:\/\/www.anaebelo.com\/fr\/cookies\/","og_locale":"fr_FR","og_type":"article","og_title":"Cookies - Ana&amp;Belo","og_description":"Qu&rsquo;est-ce qu&rsquo;un cookie? Les cookies sont de petits fichiers de donn\u00e9es (en g\u00e9n\u00e9ral des nombres et des lettres) qu&rsquo;un site web place dans votre ordinateur ou appareil mobile lors de votre premi\u00e8re visite. Le cookie aidera ce site web, ou un autre site, \u00e0 reconna\u00eetre votre appareil lors de votre prochaine visite. Les pixels espions [&hellip;]","og_url":"https:\/\/www.anaebelo.com\/fr\/cookies\/","og_site_name":"Ana&amp;Belo","article_publisher":"https:\/\/www.facebook.com\/anaebelo","article_modified_time":"2019-05-16T15:32:01+00:00","twitter_misc":{"Dur\u00e9e de lecture estim\u00e9e":"4 minutes"},"schema":{"@context":"https:\/\/schema.org","@graph":[{"@type":"WebPage","@id":"https:\/\/www.anaebelo.com\/fr\/cookies\/","url":"https:\/\/www.anaebelo.com\/fr\/cookies\/","name":"Cookies - Ana&amp;Belo","isPartOf":{"@id":"https:\/\/www.anaebelo.com\/#website"},"datePublished":"2017-04-10T13:34:14+00:00","dateModified":"2019-05-16T15:32:01+00:00","breadcrumb":{"@id":"https:\/\/www.anaebelo.com\/fr\/cookies\/#breadcrumb"},"inLanguage":"fr-FR","potentialAction":[{"@type":"ReadAction","target":["https:\/\/www.anaebelo.com\/fr\/cookies\/"]}]},{"@type":"BreadcrumbList","@id":"https:\/\/www.anaebelo.com\/fr\/cookies\/#breadcrumb","itemListElement":[{"@type":"ListItem","position":1,"name":"In\u00edcio","item":"https:\/\/www.anaebelo.com\/"},{"@type":"ListItem","position":2,"name":"Cookies"}]},{"@type":"WebSite","@id":"https:\/\/www.anaebelo.com\/#website","url":"https:\/\/www.anaebelo.com\/","name":"Ana&amp;Belo","description":"Haute Couture Manufacturing","potentialAction":[{"@type":"SearchAction","target":{"@type":"EntryPoint","urlTemplate":"https:\/\/www.anaebelo.com\/?s={search_term_string}"},"query-input":"required name=search_term_string"}],"inLanguage":"fr-FR"}]}},"_links":{"self":[{"href":"https:\/\/www.anaebelo.com\/fr\/wp-json\/wp\/v2\/pages\/556"}],"collection":[{"href":"https:\/\/www.anaebelo.com\/fr\/wp-json\/wp\/v2\/pages"}],"about":[{"href":"https:\/\/www.anaebelo.com\/fr\/wp-json\/wp\/v2\/types\/page"}],"author":[{"embeddable":true,"href":"https:\/\/www.anaebelo.com\/fr\/wp-json\/wp\/v2\/users\/2"}],"replies":[{"embeddable":true,"href":"https:\/\/www.anaebelo.com\/fr\/wp-json\/wp\/v2\/comments?post=556"}],"version-history":[{"count":2,"href":"https:\/\/www.anaebelo.com\/fr\/wp-json\/wp\/v2\/pages\/556\/revisions"}],"predecessor-version":[{"id":627,"href":"https:\/\/www.anaebelo.com\/fr\/wp-json\/wp\/v2\/pages\/556\/revisions\/627"}],"wp:attachment":[{"href":"https:\/\/www.anaebelo.com\/fr\/wp-json\/wp\/v2\/media?parent=556"}],"curies":[{"name":"wp","href":"https:\/\/api.w.org\/{rel}","templated":true}]}}