{"id":508,"date":"2017-04-07T10:42:23","date_gmt":"2017-04-07T10:42:23","guid":{"rendered":"http:\/\/www.anaebelo.com\/?page_id=508"},"modified":"2018-03-27T11:22:48","modified_gmt":"2018-03-27T11:22:48","slug":"qui-sommes-nous","status":"publish","type":"page","link":"https:\/\/www.anaebelo.com\/fr\/qui-sommes-nous\/","title":{"rendered":"Qui sommes-nous"},"content":{"rendered":"<img decoding=\"async\" loading=\"lazy\" class=\"alignnone size-full wp-image-170\" src=\"https:\/\/www.anaebelo.com\/wp-content\/uploads\/2014\/06\/about-w940.jpg\" alt=\"Quem somos\" width=\"940\" height=\"553\" srcset=\"https:\/\/www.anaebelo.com\/wp-content\/uploads\/2014\/06\/about-w940.jpg 940w, https:\/\/www.anaebelo.com\/wp-content\/uploads\/2014\/06\/about-w940-300x176.jpg 300w\" sizes=\"(max-width: 940px) 100vw, 940px\" \/>\r\n<div class=\"responsive-tabs\">\n<h2 class=\"tabtitle\">L'entreprise<\/h2>\n<div class=\"tabcontent responsive-tabs__panel--active\">\n\r\n<h3>L&rsquo;Histoire de l&rsquo;entreprise<\/h3>\r\n<p style=\"text-align: justify;\">Ana &amp; Belo, Lda., aujourd&rsquo;hui Belo solutions Lda., s&rsquo;est \u00e9tablie en 1991 \u00e0 Guia, Pombal, une ville situ\u00e9e \u00e0 la r\u00e9gion centrale du Portugal.\r\nNous avons commenc\u00e9 par la production de v\u00eatements de femme \u00e0 \u00ab Fa\u00e7on \u00bb avec des clients Fran\u00e7ais et Allemands ayant toujours comme base leur principles et technologies.<\/p>\r\n<p style=\"text-align: justify;\">Les 23 ann\u00e9es d\u2019exp\u00e9rience ainsi que la qualit\u00e9 de nos services nous avaient permis de conqu\u00e9rir des grandes marques de renom au Portugal et internationalement, comme Lanidor, Globe, ToniDress, Victoria Beckham, Ver\u00f3nica Moncho Lobo, Rembo styling et d\u2019autres.<\/p>\r\n\r\n<p style=\"text-align: justify;\">\u00c9tant donn\u00e9 l\u2019exigence du march\u00e9 textile en sp\u00e9cifique et sa concurrence, le strict respect des d\u00e9lais de livraisons li\u00e9 \u00e0 la main-d\u2019\u0153uvre sp\u00e9cialis\u00e9e que nous avons, sont sans doute, notre carte de visite.<\/p>\r\n<h3>La philosophie de l\u2019entreprise<\/h3>\r\n<p style=\"text-align: justify;\">La flexibilit\u00e9 et le dynamisme, alli\u00e9s \u00e0 la comp\u00e9tence de notre \u00e9quipe, sont fondamentales dans l\u2019ex\u00e9cution d\u2019un mod\u00e8le quelque ce soit.<\/p>\r\n\n<\/div><h2 class=\"tabtitle\">Mission, vision et valeurs<\/h2>\n<div class=\"tabcontent\">\n\r\n<h3>Mission<\/h3>\r\n<p style=\"text-align: justify;\">Notre objectif principal est de comprendre les besoins de nos clients en leur fournissant les services qui r\u00e9pondent \u00e0 leurs besoins. A cet effet, nous avons un \u00e9quipe hautement qualifi\u00e9e et comp\u00e9tente, ainsi que les derni\u00e8res m\u00e9thodes et technologies.<\/p>\r\n\r\n<h3 style=\"text-align: justify;\">Vision<\/h3>\r\n<p style=\"text-align: justify;\">Nous sommes une soci\u00e9t\u00e9 de services op\u00e9rant dans le domaine du textile et qui veut \u00eatre reconnue par sa solidit\u00e9 et sa comp\u00e9tence \u00e0 l\u2019\u00e9tranger ainsi qu\u2019au Portugal.\r\nNotre d\u00e9sir de grandir nous a fait d\u00e9fier nous-m\u00eames avec enthousiasme et d\u00e9termination dans tous les projects que nous entreprenons.<\/p>\r\n\r\n<h3>Valeurs<\/h3>\r\n<p style=\"text-align: justify;\">Nous appr\u00e9cions l&rsquo;\u00e9thique et l&rsquo;int\u00e9grit\u00e9 dans toutes nos relations. Toute fois, notre priorit\u00e9 est avec les besoins de nos clients.\r\nPar cons\u00e9quent, nous assurons la qualit\u00e9 de nos services gr\u00e2ce \u00e0 un \u00e9quipe d\u2019employ\u00e9es hautement motiv\u00e9es, responsables et efficaces<\/p>\r\n<\/div><\/div>","protected":false},"excerpt":{"rendered":"<p>L&rsquo;Histoire de l&rsquo;entreprise Ana &amp; Belo, Lda., aujourd&rsquo;hui Belo solutions Lda., s&rsquo;est \u00e9tablie en 1991 \u00e0 Guia, Pombal, une ville situ\u00e9e \u00e0 la r\u00e9gion centrale du Portugal. Nous avons commenc\u00e9 par la production de v\u00eatements de femme \u00e0 \u00ab Fa\u00e7on \u00bb avec des clients Fran\u00e7ais et Allemands ayant toujours comme base leur principles et technologies. [&hellip;]<\/p>\n","protected":false},"author":2,"featured_media":0,"parent":0,"menu_order":0,"comment_status":"open","ping_status":"open","template":"fullwidth.php","meta":[],"yoast_head":"<!-- This site is optimized with the Yoast SEO plugin v20.10 - https:\/\/yoast.com\/wordpress\/plugins\/seo\/ -->\n<title>Qui sommes-nous - Ana&amp;Belo<\/title>\n<meta name=\"description\" content=\"Notre objectif principal est de comprendre les besoins de nos clients, en leur fournissant les services qui r\u00e9pondent \u00e0 leurs besoins.\" \/>\n<meta name=\"robots\" content=\"index, follow, max-snippet:-1, max-image-preview:large, max-video-preview:-1\" \/>\n<link rel=\"canonical\" href=\"https:\/\/www.anaebelo.com\/fr\/qui-sommes-nous\/\" \/>\n<meta property=\"og:locale\" content=\"fr_FR\" \/>\n<meta property=\"og:type\" content=\"article\" \/>\n<meta property=\"og:title\" content=\"Qui sommes-nous - Ana&amp;Belo\" \/>\n<meta property=\"og:description\" content=\"Notre objectif principal est de comprendre les besoins de nos clients, en leur fournissant les services qui r\u00e9pondent \u00e0 leurs besoins.\" \/>\n<meta property=\"og:url\" content=\"https:\/\/www.anaebelo.com\/fr\/qui-sommes-nous\/\" \/>\n<meta property=\"og:site_name\" content=\"Ana&amp;Belo\" \/>\n<meta property=\"article:publisher\" content=\"https:\/\/www.facebook.com\/anaebelo\" \/>\n<meta property=\"article:modified_time\" content=\"2018-03-27T11:22:48+00:00\" \/>\n<meta property=\"og:image\" content=\"http:\/\/www.anaebelo.com\/wp-content\/uploads\/2014\/06\/about-w940.jpg\" \/>\n<meta name=\"twitter:label1\" content=\"Dur\u00e9e de lecture estim\u00e9e\" \/>\n\t<meta name=\"twitter:data1\" content=\"2 minutes\" \/>\n<script type=\"application\/ld+json\" class=\"yoast-schema-graph\">{\"@context\":\"https:\/\/schema.org\",\"@graph\":[{\"@type\":\"WebPage\",\"@id\":\"https:\/\/www.anaebelo.com\/fr\/qui-sommes-nous\/\",\"url\":\"https:\/\/www.anaebelo.com\/fr\/qui-sommes-nous\/\",\"name\":\"Qui sommes-nous - Ana&amp;Belo\",\"isPartOf\":{\"@id\":\"https:\/\/www.anaebelo.com\/#website\"},\"datePublished\":\"2017-04-07T10:42:23+00:00\",\"dateModified\":\"2018-03-27T11:22:48+00:00\",\"description\":\"Notre objectif principal est de comprendre les besoins de nos clients, en leur fournissant les services qui r\u00e9pondent \u00e0 leurs besoins.\",\"breadcrumb\":{\"@id\":\"https:\/\/www.anaebelo.com\/fr\/qui-sommes-nous\/#breadcrumb\"},\"inLanguage\":\"fr-FR\",\"potentialAction\":[{\"@type\":\"ReadAction\",\"target\":[\"https:\/\/www.anaebelo.com\/fr\/qui-sommes-nous\/\"]}]},{\"@type\":\"BreadcrumbList\",\"@id\":\"https:\/\/www.anaebelo.com\/fr\/qui-sommes-nous\/#breadcrumb\",\"itemListElement\":[{\"@type\":\"ListItem\",\"position\":1,\"name\":\"In\u00edcio\",\"item\":\"https:\/\/www.anaebelo.com\/\"},{\"@type\":\"ListItem\",\"position\":2,\"name\":\"Qui sommes-nous\"}]},{\"@type\":\"WebSite\",\"@id\":\"https:\/\/www.anaebelo.com\/#website\",\"url\":\"https:\/\/www.anaebelo.com\/\",\"name\":\"Ana&amp;Belo\",\"description\":\"Haute Couture Manufacturing\",\"potentialAction\":[{\"@type\":\"SearchAction\",\"target\":{\"@type\":\"EntryPoint\",\"urlTemplate\":\"https:\/\/www.anaebelo.com\/?s={search_term_string}\"},\"query-input\":\"required name=search_term_string\"}],\"inLanguage\":\"fr-FR\"}]}<\/script>\n<!-- \/ Yoast SEO plugin. -->","yoast_head_json":{"title":"Qui sommes-nous - Ana&amp;Belo","description":"Notre objectif principal est de comprendre les besoins de nos clients, en leur fournissant les services qui r\u00e9pondent \u00e0 leurs besoins.","robots":{"index":"index","follow":"follow","max-snippet":"max-snippet:-1","max-image-preview":"max-image-preview:large","max-video-preview":"max-video-preview:-1"},"canonical":"https:\/\/www.anaebelo.com\/fr\/qui-sommes-nous\/","og_locale":"fr_FR","og_type":"article","og_title":"Qui sommes-nous - Ana&amp;Belo","og_description":"Notre objectif principal est de comprendre les besoins de nos clients, en leur fournissant les services qui r\u00e9pondent \u00e0 leurs besoins.","og_url":"https:\/\/www.anaebelo.com\/fr\/qui-sommes-nous\/","og_site_name":"Ana&amp;Belo","article_publisher":"https:\/\/www.facebook.com\/anaebelo","article_modified_time":"2018-03-27T11:22:48+00:00","og_image":[{"url":"http:\/\/www.anaebelo.com\/wp-content\/uploads\/2014\/06\/about-w940.jpg"}],"twitter_misc":{"Dur\u00e9e de lecture estim\u00e9e":"2 minutes"},"schema":{"@context":"https:\/\/schema.org","@graph":[{"@type":"WebPage","@id":"https:\/\/www.anaebelo.com\/fr\/qui-sommes-nous\/","url":"https:\/\/www.anaebelo.com\/fr\/qui-sommes-nous\/","name":"Qui sommes-nous - Ana&amp;Belo","isPartOf":{"@id":"https:\/\/www.anaebelo.com\/#website"},"datePublished":"2017-04-07T10:42:23+00:00","dateModified":"2018-03-27T11:22:48+00:00","description":"Notre objectif principal est de comprendre les besoins de nos clients, en leur fournissant les services qui r\u00e9pondent \u00e0 leurs besoins.","breadcrumb":{"@id":"https:\/\/www.anaebelo.com\/fr\/qui-sommes-nous\/#breadcrumb"},"inLanguage":"fr-FR","potentialAction":[{"@type":"ReadAction","target":["https:\/\/www.anaebelo.com\/fr\/qui-sommes-nous\/"]}]},{"@type":"BreadcrumbList","@id":"https:\/\/www.anaebelo.com\/fr\/qui-sommes-nous\/#breadcrumb","itemListElement":[{"@type":"ListItem","position":1,"name":"In\u00edcio","item":"https:\/\/www.anaebelo.com\/"},{"@type":"ListItem","position":2,"name":"Qui sommes-nous"}]},{"@type":"WebSite","@id":"https:\/\/www.anaebelo.com\/#website","url":"https:\/\/www.anaebelo.com\/","name":"Ana&amp;Belo","description":"Haute Couture Manufacturing","potentialAction":[{"@type":"SearchAction","target":{"@type":"EntryPoint","urlTemplate":"https:\/\/www.anaebelo.com\/?s={search_term_string}"},"query-input":"required name=search_term_string"}],"inLanguage":"fr-FR"}]}},"_links":{"self":[{"href":"https:\/\/www.anaebelo.com\/fr\/wp-json\/wp\/v2\/pages\/508"}],"collection":[{"href":"https:\/\/www.anaebelo.com\/fr\/wp-json\/wp\/v2\/pages"}],"about":[{"href":"https:\/\/www.anaebelo.com\/fr\/wp-json\/wp\/v2\/types\/page"}],"author":[{"embeddable":true,"href":"https:\/\/www.anaebelo.com\/fr\/wp-json\/wp\/v2\/users\/2"}],"replies":[{"embeddable":true,"href":"https:\/\/www.anaebelo.com\/fr\/wp-json\/wp\/v2\/comments?post=508"}],"version-history":[{"count":2,"href":"https:\/\/www.anaebelo.com\/fr\/wp-json\/wp\/v2\/pages\/508\/revisions"}],"predecessor-version":[{"id":603,"href":"https:\/\/www.anaebelo.com\/fr\/wp-json\/wp\/v2\/pages\/508\/revisions\/603"}],"wp:attachment":[{"href":"https:\/\/www.anaebelo.com\/fr\/wp-json\/wp\/v2\/media?parent=508"}],"curies":[{"name":"wp","href":"https:\/\/api.w.org\/{rel}","templated":true}]}}